{"id":3131,"date":"2024-06-27T10:12:14","date_gmt":"2024-06-27T10:12:14","guid":{"rendered":"https:\/\/bludrill.com\/empresa\/"},"modified":"2025-09-23T02:27:28","modified_gmt":"2025-09-23T02:27:28","slug":"empresa","status":"publish","type":"page","link":"https:\/\/bludrill.com\/es\/empresa\/","title":{"rendered":"Empresa"},"content":{"rendered":"\t\t<div data-elementor-type=\"wp-post\" data-elementor-id=\"3131\" class=\"elementor elementor-3131\">\n\t\t\t\t<div class=\"elementor-element elementor-element-5f02ddf e-flex e-con-boxed e-con e-parent\" data-id=\"5f02ddf\" data-element_type=\"container\" data-settings=\"{&quot;background_background&quot;:&quot;classic&quot;}\">\n\t\t\t\t\t<div class=\"e-con-inner\">\n\t\t<div class=\"elementor-element elementor-element-0502d81 e-con-full e-flex e-con e-child\" data-id=\"0502d81\" data-element_type=\"container\">\n\t\t\t\t<div class=\"elementor-element elementor-element-03d202b elementor-widget elementor-widget-heading\" data-id=\"03d202b\" data-element_type=\"widget\" data-widget_type=\"heading.default\">\n\t\t\t\t<div class=\"elementor-widget-container\">\n\t\t\t\t\t<h1 class=\"elementor-heading-title elementor-size-default\">\u00bfQui\u00e9nes somos?<\/h1>\t\t\t\t<\/div>\n\t\t\t\t<\/div>\n\t\t\t\t<\/div>\n\t\t\t\t\t<\/div>\n\t\t\t\t<\/div>\n\t\t<div class=\"elementor-element elementor-element-ce23579 e-flex e-con-boxed e-con e-parent\" data-id=\"ce23579\" data-element_type=\"container\">\n\t\t\t\t\t<div class=\"e-con-inner\">\n\t\t<div class=\"elementor-element elementor-element-89a7aec e-con-full e-flex e-con e-child\" data-id=\"89a7aec\" data-element_type=\"container\">\n\t\t\t\t<div class=\"elementor-element elementor-element-a01f0dc elementor-widget elementor-widget-heading\" data-id=\"a01f0dc\" data-element_type=\"widget\" data-widget_type=\"heading.default\">\n\t\t\t\t<div class=\"elementor-widget-container\">\n\t\t\t\t\t<h2 class=\"elementor-heading-title elementor-size-default\">NUESTRO BLUDRILL<\/h2>\t\t\t\t<\/div>\n\t\t\t\t<\/div>\n\t\t\t\t<div class=\"elementor-element elementor-element-c43b3dd elementor-widget-divider--view-line elementor-widget elementor-widget-divider\" data-id=\"c43b3dd\" data-element_type=\"widget\" data-widget_type=\"divider.default\">\n\t\t\t\t<div class=\"elementor-widget-container\">\n\t\t\t\t\t\t\t<div class=\"elementor-divider\">\n\t\t\t<span class=\"elementor-divider-separator\">\n\t\t\t\t\t\t<\/span>\n\t\t<\/div>\n\t\t\t\t\t\t<\/div>\n\t\t\t\t<\/div>\n\t\t\t\t<div class=\"elementor-element elementor-element-e871351 elementor-widget elementor-widget-text-editor\" data-id=\"e871351\" data-element_type=\"widget\" data-widget_type=\"text-editor.default\">\n\t\t\t\t<div class=\"elementor-widget-container\">\n\t\t\t\t\t\t\t\t\t<p>BLUDRILL es un fabricante de <a href=\"https:\/\/bludrill.com\/es\/broca-para-pilotes\/\">brocas para pilotes<\/a>, <a href=\"https:\/\/bludrill.com\/hdd-bit\/\">escariadores de roca<\/a> y <a href=\"https:\/\/bludrill.com\/tricone-bit\/\">brocas tric\u00f3nicas<\/a> establecido en 2010. Los productos se utilizan ampliamente en ingenier\u00eda de cimentaci\u00f3n de pilotes, HDD (perforaci\u00f3n direccional horizontal) y perforaci\u00f3n de rocas y otros campos. <\/p><p>Con esfuerzos incansables, nuestra fabrica de brocas para pilotes se ha ganado la confianza de los mercados nacionales y extranjeros. Tiene una buena reputaci\u00f3n en Fujian, Guangzhou y Shenzhen en China. Y ha abierto mercados en el Sudeste Asi\u00e1tico, Oriente Medio y Am\u00e9rica.  <\/p><p>Tras a\u00f1os de pr\u00e1ctica y profundo conocimiento, utilizando las ventajas t\u00e9cnicas y de fabricaci\u00f3n de herramientas de petr\u00f3leo y gas , ha abandonadoel sector del petr\u00f3leo y ha invertido en el mercado de la ingenier\u00eda de rotura de rocas no petrol\u00edferas. Nuestraf\u00e1brica de brocas de rodillo para pilotes <span style=\"font-size: 16px;\"> ha desarrollado una variedad de de brocas de rodillo de pilotaje especiales basadas en la de aceite original.<\/span> <\/p>\t\t\t\t\t\t\t\t<\/div>\n\t\t\t\t<\/div>\n\t\t\t\t<\/div>\n\t\t<div class=\"elementor-element elementor-element-e8e4600 e-con-full e-flex e-con e-child\" data-id=\"e8e4600\" data-element_type=\"container\">\n\t\t\t\t<div class=\"elementor-element elementor-element-d785890 elementor-widget elementor-widget-video\" data-id=\"d785890\" data-element_type=\"widget\" data-settings=\"{&quot;video_type&quot;:&quot;hosted&quot;,&quot;autoplay&quot;:&quot;yes&quot;,&quot;play_on_mobile&quot;:&quot;yes&quot;,&quot;loop&quot;:&quot;yes&quot;,&quot;controls&quot;:&quot;yes&quot;}\" data-widget_type=\"video.default\">\n\t\t\t\t<div class=\"elementor-widget-container\">\n\t\t\t\t\t\t\t<div class=\"e-hosted-video elementor-wrapper elementor-open-inline\">\n\t\t\t\t\t<video class=\"elementor-video\" src=\"https:\/\/bludrill.com\/wp-content\/uploads\/2024\/09\/roller-drill-bit-factory.mp4\" autoplay=\"\" loop=\"\" controls=\"\" playsinline=\"\" controlsList=\"nodownload\" poster=\"http:\/\/47.237.67.3:86\/wp-content\/uploads\/2024\/09\/bludrill-piling-roller-bit-factory.jpg\"><\/video>\n\t\t\t\t<\/div>\n\t\t\t\t\t\t<\/div>\n\t\t\t\t<\/div>\n\t\t\t\t<div class=\"elementor-element elementor-element-1fbad32 elementor-shape-rounded elementor-grid-0 e-grid-align-center elementor-widget elementor-widget-social-icons\" data-id=\"1fbad32\" data-element_type=\"widget\" data-widget_type=\"social-icons.default\">\n\t\t\t\t<div class=\"elementor-widget-container\">\n\t\t\t\t\t\t\t<div class=\"elementor-social-icons-wrapper elementor-grid\" role=\"list\">\n\t\t\t\t\t\t\t<span class=\"elementor-grid-item\" role=\"listitem\">\n\t\t\t\t\t<a class=\"elementor-icon elementor-social-icon elementor-social-icon-facebook elementor-repeater-item-55e03c8\" href=\"https:\/\/www.facebook.com\/people\/Cangzhou-Bludrill-Machinery-Equipment-Co-Ltd\/61561397690114\/\" target=\"_blank\" rel=\"nofollow noopener\">\n\t\t\t\t\t\t<span class=\"elementor-screen-only\">Facebook<\/span>\n\t\t\t\t\t\t<svg class=\"e-font-icon-svg e-fab-facebook\" viewBox=\"0 0 512 512\" xmlns=\"http:\/\/www.w3.org\/2000\/svg\"><path d=\"M504 256C504 119 393 8 256 8S8 119 8 256c0 123.78 90.69 226.38 209.25 245V327.69h-63V256h63v-54.64c0-62.15 37-96.48 93.67-96.48 27.14 0 55.52 4.84 55.52 4.84v61h-31.28c-30.8 0-40.41 19.12-40.41 38.73V256h68.78l-11 71.69h-57.78V501C413.31 482.38 504 379.78 504 256z\"><\/path><\/svg>\t\t\t\t\t<\/a>\n\t\t\t\t<\/span>\n\t\t\t\t\t\t\t<span class=\"elementor-grid-item\" role=\"listitem\">\n\t\t\t\t\t<a class=\"elementor-icon elementor-social-icon elementor-social-icon-twitter elementor-repeater-item-2578b4e\" target=\"_blank\">\n\t\t\t\t\t\t<span class=\"elementor-screen-only\">Twitter<\/span>\n\t\t\t\t\t\t<svg class=\"e-font-icon-svg e-fab-twitter\" viewBox=\"0 0 512 512\" xmlns=\"http:\/\/www.w3.org\/2000\/svg\"><path d=\"M459.37 151.716c.325 4.548.325 9.097.325 13.645 0 138.72-105.583 298.558-298.558 298.558-59.452 0-114.68-17.219-161.137-47.106 8.447.974 16.568 1.299 25.34 1.299 49.055 0 94.213-16.568 130.274-44.832-46.132-.975-84.792-31.188-98.112-72.772 6.498.974 12.995 1.624 19.818 1.624 9.421 0 18.843-1.3 27.614-3.573-48.081-9.747-84.143-51.98-84.143-102.985v-1.299c13.969 7.797 30.214 12.67 47.431 13.319-28.264-18.843-46.781-51.005-46.781-87.391 0-19.492 5.197-37.36 14.294-52.954 51.655 63.675 129.3 105.258 216.365 109.807-1.624-7.797-2.599-15.918-2.599-24.04 0-57.828 46.782-104.934 104.934-104.934 30.213 0 57.502 12.67 76.67 33.137 23.715-4.548 46.456-13.32 66.599-25.34-7.798 24.366-24.366 44.833-46.132 57.827 21.117-2.273 41.584-8.122 60.426-16.243-14.292 20.791-32.161 39.308-52.628 54.253z\"><\/path><\/svg>\t\t\t\t\t<\/a>\n\t\t\t\t<\/span>\n\t\t\t\t\t\t\t<span class=\"elementor-grid-item\" role=\"listitem\">\n\t\t\t\t\t<a class=\"elementor-icon elementor-social-icon elementor-social-icon-youtube elementor-repeater-item-0cb92ec\" target=\"_blank\">\n\t\t\t\t\t\t<span class=\"elementor-screen-only\">Youtube<\/span>\n\t\t\t\t\t\t<svg class=\"e-font-icon-svg e-fab-youtube\" viewBox=\"0 0 576 512\" xmlns=\"http:\/\/www.w3.org\/2000\/svg\"><path d=\"M549.655 124.083c-6.281-23.65-24.787-42.276-48.284-48.597C458.781 64 288 64 288 64S117.22 64 74.629 75.486c-23.497 6.322-42.003 24.947-48.284 48.597-11.412 42.867-11.412 132.305-11.412 132.305s0 89.438 11.412 132.305c6.281 23.65 24.787 41.5 48.284 47.821C117.22 448 288 448 288 448s170.78 0 213.371-11.486c23.497-6.321 42.003-24.171 48.284-47.821 11.412-42.867 11.412-132.305 11.412-132.305s0-89.438-11.412-132.305zm-317.51 213.508V175.185l142.739 81.205-142.739 81.201z\"><\/path><\/svg>\t\t\t\t\t<\/a>\n\t\t\t\t<\/span>\n\t\t\t\t\t<\/div>\n\t\t\t\t\t\t<\/div>\n\t\t\t\t<\/div>\n\t\t\t\t<\/div>\n\t\t\t\t\t<\/div>\n\t\t\t\t<\/div>\n\t\t\t\t<section class=\"elementor-section elementor-top-section elementor-element elementor-element-yv7v59l elementor-section-boxed elementor-section-height-default elementor-section-height-default\" data-id=\"yv7v59l\" data-element_type=\"section\" data-settings=\"{&quot;background_background&quot;:&quot;classic&quot;}\">\n\t\t\t\t\t\t<div class=\"elementor-container elementor-column-gap-default\">\n\t\t\t\t\t<div class=\"elementor-column elementor-col-100 elementor-top-column elementor-element elementor-element-3bfd4be\" data-id=\"3bfd4be\" data-element_type=\"column\">\n\t\t\t<div class=\"elementor-widget-wrap elementor-element-populated\">\n\t\t\t\t\t\t<div class=\"elementor-element elementor-element-c03f93f elementor-widget-divider--view-line elementor-widget elementor-widget-divider\" data-id=\"c03f93f\" data-element_type=\"widget\" data-widget_type=\"divider.default\">\n\t\t\t\t<div class=\"elementor-widget-container\">\n\t\t\t\t\t\t\t<div class=\"elementor-divider\">\n\t\t\t<span class=\"elementor-divider-separator\">\n\t\t\t\t\t\t<\/span>\n\t\t<\/div>\n\t\t\t\t\t\t<\/div>\n\t\t\t\t<\/div>\n\t\t\t\t<div class=\"elementor-element elementor-element-0a1f6a0 elementor-widget elementor-widget-heading\" data-id=\"0a1f6a0\" data-element_type=\"widget\" data-widget_type=\"heading.default\">\n\t\t\t\t<div class=\"elementor-widget-container\">\n\t\t\t\t\t<h2 class=\"elementor-heading-title elementor-size-default\">F\u00e1brica<\/h2>\t\t\t\t<\/div>\n\t\t\t\t<\/div>\n\t\t\t\t<div class=\"elementor-element elementor-element-e5243f1 elementor-widget elementor-widget-text-editor\" data-id=\"e5243f1\" data-element_type=\"widget\" data-widget_type=\"text-editor.default\">\n\t\t\t\t<div class=\"elementor-widget-container\">\n\t\t\t\t\t\t\t\t\t<p>Las cosas profesionales deben dejarse en manos de f\u00e1bricas profesionales.<\/p>\t\t\t\t\t\t\t\t<\/div>\n\t\t\t\t<\/div>\n\t\t<div class=\"elementor-element elementor-element-c0e8400 e-grid e-con-boxed e-con e-parent\" data-id=\"c0e8400\" data-element_type=\"container\">\n\t\t\t\t\t<div class=\"e-con-inner\">\n\t\t\t\t<div class=\"elementor-element elementor-element-e77e6df elementor-widget elementor-widget-image\" data-id=\"e77e6df\" data-element_type=\"widget\" data-widget_type=\"image.default\">\n\t\t\t\t<div class=\"elementor-widget-container\">\n\t\t\t\t\t\t\t\t\t\t\t\t\t\t\t<img fetchpriority=\"high\" decoding=\"async\" width=\"550\" height=\"550\" src=\"https:\/\/bludrill.com\/wp-content\/uploads\/2024\/09\/Factory-workshop.jpg\" class=\"attachment-large size-large wp-image-3057\" alt=\"Taller de f\u00e1brica\" srcset=\"https:\/\/bludrill.com\/wp-content\/uploads\/2024\/09\/Factory-workshop.jpg 550w, https:\/\/bludrill.com\/wp-content\/uploads\/2024\/09\/Factory-workshop-300x300.jpg 300w, https:\/\/bludrill.com\/wp-content\/uploads\/2024\/09\/Factory-workshop-150x150.jpg 150w\" sizes=\"(max-width: 550px) 100vw, 550px\" \/>\t\t\t\t\t\t\t\t\t\t\t\t\t\t\t<\/div>\n\t\t\t\t<\/div>\n\t\t\t\t<div class=\"elementor-element elementor-element-f55efdf elementor-widget elementor-widget-image\" data-id=\"f55efdf\" data-element_type=\"widget\" data-widget_type=\"image.default\">\n\t\t\t\t<div class=\"elementor-widget-container\">\n\t\t\t\t\t\t\t\t\t\t\t\t\t\t\t<img decoding=\"async\" width=\"550\" height=\"550\" src=\"https:\/\/bludrill.com\/wp-content\/uploads\/2024\/09\/Factory-floor.jpg\" class=\"attachment-large size-large wp-image-3058\" alt=\"F\u00e1brica de brocas tric\u00f3nicas para pilotaje\" srcset=\"https:\/\/bludrill.com\/wp-content\/uploads\/2024\/09\/Factory-floor.jpg 550w, https:\/\/bludrill.com\/wp-content\/uploads\/2024\/09\/Factory-floor-300x300.jpg 300w, https:\/\/bludrill.com\/wp-content\/uploads\/2024\/09\/Factory-floor-150x150.jpg 150w\" sizes=\"(max-width: 550px) 100vw, 550px\" \/>\t\t\t\t\t\t\t\t\t\t\t\t\t\t\t<\/div>\n\t\t\t\t<\/div>\n\t\t\t\t<div class=\"elementor-element elementor-element-c65ecf5 elementor-widget elementor-widget-image\" data-id=\"c65ecf5\" data-element_type=\"widget\" data-widget_type=\"image.default\">\n\t\t\t\t<div class=\"elementor-widget-container\">\n\t\t\t\t\t\t\t\t\t\t\t\t\t\t\t<img decoding=\"async\" width=\"550\" height=\"550\" src=\"https:\/\/bludrill.com\/wp-content\/uploads\/2024\/09\/roller-bit-CNC-machine-tool-at-work.jpg\" class=\"attachment-large size-large wp-image-3059\" alt=\"M\u00e1quina herramienta CNC con broca tric\u00f3nica en funcionamiento\" srcset=\"https:\/\/bludrill.com\/wp-content\/uploads\/2024\/09\/roller-bit-CNC-machine-tool-at-work.jpg 550w, https:\/\/bludrill.com\/wp-content\/uploads\/2024\/09\/roller-bit-CNC-machine-tool-at-work-300x300.jpg 300w, https:\/\/bludrill.com\/wp-content\/uploads\/2024\/09\/roller-bit-CNC-machine-tool-at-work-150x150.jpg 150w\" sizes=\"(max-width: 550px) 100vw, 550px\" \/>\t\t\t\t\t\t\t\t\t\t\t\t\t\t\t<\/div>\n\t\t\t\t<\/div>\n\t\t\t\t<div class=\"elementor-element elementor-element-d818405 elementor-widget elementor-widget-image\" data-id=\"d818405\" data-element_type=\"widget\" data-widget_type=\"image.default\">\n\t\t\t\t<div class=\"elementor-widget-container\">\n\t\t\t\t\t\t\t\t\t\t\t\t\t\t\t<img loading=\"lazy\" decoding=\"async\" width=\"550\" height=\"550\" src=\"https:\/\/bludrill.com\/wp-content\/uploads\/2024\/09\/classic-roller-bit-parts.jpg\" class=\"attachment-large size-large wp-image-3060\" alt=\"Piezas de brocas tric\u00f3nicas cl\u00e1sicas\" srcset=\"https:\/\/bludrill.com\/wp-content\/uploads\/2024\/09\/classic-roller-bit-parts.jpg 550w, https:\/\/bludrill.com\/wp-content\/uploads\/2024\/09\/classic-roller-bit-parts-300x300.jpg 300w, https:\/\/bludrill.com\/wp-content\/uploads\/2024\/09\/classic-roller-bit-parts-150x150.jpg 150w\" sizes=\"(max-width: 550px) 100vw, 550px\" \/>\t\t\t\t\t\t\t\t\t\t\t\t\t\t\t<\/div>\n\t\t\t\t<\/div>\n\t\t\t\t<div class=\"elementor-element elementor-element-2218be1 elementor-widget elementor-widget-image\" data-id=\"2218be1\" data-element_type=\"widget\" data-widget_type=\"image.default\">\n\t\t\t\t<div class=\"elementor-widget-container\">\n\t\t\t\t\t\t\t\t\t\t\t\t\t\t\t<img loading=\"lazy\" decoding=\"async\" width=\"550\" height=\"550\" src=\"https:\/\/bludrill.com\/wp-content\/uploads\/2024\/09\/Tricone-drill-bit-parts.jpg\" class=\"attachment-large size-large wp-image-3061\" alt=\"Piezas de broca tric\u00f3nica\" srcset=\"https:\/\/bludrill.com\/wp-content\/uploads\/2024\/09\/Tricone-drill-bit-parts.jpg 550w, https:\/\/bludrill.com\/wp-content\/uploads\/2024\/09\/Tricone-drill-bit-parts-300x300.jpg 300w, https:\/\/bludrill.com\/wp-content\/uploads\/2024\/09\/Tricone-drill-bit-parts-150x150.jpg 150w\" sizes=\"(max-width: 550px) 100vw, 550px\" \/>\t\t\t\t\t\t\t\t\t\t\t\t\t\t\t<\/div>\n\t\t\t\t<\/div>\n\t\t\t\t<div class=\"elementor-element elementor-element-bb606d6 elementor-widget elementor-widget-image\" data-id=\"bb606d6\" data-element_type=\"widget\" data-widget_type=\"image.default\">\n\t\t\t\t<div class=\"elementor-widget-container\">\n\t\t\t\t\t\t\t\t\t\t\t\t\t\t\t<img loading=\"lazy\" decoding=\"async\" width=\"550\" height=\"550\" src=\"https:\/\/bludrill.com\/wp-content\/uploads\/2024\/09\/Tricone-bit-parts.jpg\" class=\"attachment-large size-large wp-image-3062\" alt=\"Piezas de broca de rodillo\" srcset=\"https:\/\/bludrill.com\/wp-content\/uploads\/2024\/09\/Tricone-bit-parts.jpg 550w, https:\/\/bludrill.com\/wp-content\/uploads\/2024\/09\/Tricone-bit-parts-300x300.jpg 300w, https:\/\/bludrill.com\/wp-content\/uploads\/2024\/09\/Tricone-bit-parts-150x150.jpg 150w\" sizes=\"(max-width: 550px) 100vw, 550px\" \/>\t\t\t\t\t\t\t\t\t\t\t\t\t\t\t<\/div>\n\t\t\t\t<\/div>\n\t\t\t\t<div class=\"elementor-element elementor-element-71c221a elementor-widget elementor-widget-image\" data-id=\"71c221a\" data-element_type=\"widget\" data-widget_type=\"image.default\">\n\t\t\t\t<div class=\"elementor-widget-container\">\n\t\t\t\t\t\t\t\t\t\t\t\t\t\t\t<img loading=\"lazy\" decoding=\"async\" width=\"550\" height=\"550\" src=\"https:\/\/bludrill.com\/wp-content\/uploads\/2024\/09\/steel-tooth-tricone-bit-parts.jpg\" class=\"attachment-large size-large wp-image-3063\" alt=\"Piezas de broca tric\u00f3nica dentada de acero\" srcset=\"https:\/\/bludrill.com\/wp-content\/uploads\/2024\/09\/steel-tooth-tricone-bit-parts.jpg 550w, https:\/\/bludrill.com\/wp-content\/uploads\/2024\/09\/steel-tooth-tricone-bit-parts-300x300.jpg 300w, https:\/\/bludrill.com\/wp-content\/uploads\/2024\/09\/steel-tooth-tricone-bit-parts-150x150.jpg 150w\" sizes=\"(max-width: 550px) 100vw, 550px\" \/>\t\t\t\t\t\t\t\t\t\t\t\t\t\t\t<\/div>\n\t\t\t\t<\/div>\n\t\t\t\t<div class=\"elementor-element elementor-element-cc9068a elementor-widget elementor-widget-image\" data-id=\"cc9068a\" data-element_type=\"widget\" data-widget_type=\"image.default\">\n\t\t\t\t<div class=\"elementor-widget-container\">\n\t\t\t\t\t\t\t\t\t\t\t\t\t\t\t<img loading=\"lazy\" decoding=\"async\" width=\"550\" height=\"550\" src=\"https:\/\/bludrill.com\/wp-content\/uploads\/2024\/09\/roller-bit-stock.jpg\" class=\"attachment-large size-large wp-image-3064\" alt=\"Existencias de brocas tric\u00f3nicas\" srcset=\"https:\/\/bludrill.com\/wp-content\/uploads\/2024\/09\/roller-bit-stock.jpg 550w, https:\/\/bludrill.com\/wp-content\/uploads\/2024\/09\/roller-bit-stock-300x300.jpg 300w, https:\/\/bludrill.com\/wp-content\/uploads\/2024\/09\/roller-bit-stock-150x150.jpg 150w\" sizes=\"(max-width: 550px) 100vw, 550px\" \/>\t\t\t\t\t\t\t\t\t\t\t\t\t\t\t<\/div>\n\t\t\t\t<\/div>\n\t\t\t\t<div class=\"elementor-element elementor-element-7afc6a9 elementor-widget elementor-widget-image\" data-id=\"7afc6a9\" data-element_type=\"widget\" data-widget_type=\"image.default\">\n\t\t\t\t<div class=\"elementor-widget-container\">\n\t\t\t\t\t\t\t\t\t\t\t\t\t\t\t<img loading=\"lazy\" decoding=\"async\" width=\"550\" height=\"550\" src=\"https:\/\/bludrill.com\/wp-content\/uploads\/2024\/09\/Factory-finished-hdd-hole-opener.jpg\" class=\"attachment-large size-large wp-image-3065\" alt=\"Escariador de roca terminado de f\u00e1brica\" srcset=\"https:\/\/bludrill.com\/wp-content\/uploads\/2024\/09\/Factory-finished-hdd-hole-opener.jpg 550w, https:\/\/bludrill.com\/wp-content\/uploads\/2024\/09\/Factory-finished-hdd-hole-opener-300x300.jpg 300w, https:\/\/bludrill.com\/wp-content\/uploads\/2024\/09\/Factory-finished-hdd-hole-opener-150x150.jpg 150w\" sizes=\"(max-width: 550px) 100vw, 550px\" \/>\t\t\t\t\t\t\t\t\t\t\t\t\t\t\t<\/div>\n\t\t\t\t<\/div>\n\t\t\t\t<div class=\"elementor-element elementor-element-04b1e08 elementor-widget elementor-widget-image\" data-id=\"04b1e08\" data-element_type=\"widget\" data-widget_type=\"image.default\">\n\t\t\t\t<div class=\"elementor-widget-container\">\n\t\t\t\t\t\t\t\t\t\t\t\t\t\t\t<img loading=\"lazy\" decoding=\"async\" width=\"550\" height=\"550\" src=\"https:\/\/bludrill.com\/wp-content\/uploads\/2024\/09\/Factory-finished-tci-tricone-bits.jpg\" class=\"attachment-large size-large wp-image-3066\" alt=\"Brocas tric\u00f3nicas TCI terminadas en f\u00e1brica\" srcset=\"https:\/\/bludrill.com\/wp-content\/uploads\/2024\/09\/Factory-finished-tci-tricone-bits.jpg 550w, https:\/\/bludrill.com\/wp-content\/uploads\/2024\/09\/Factory-finished-tci-tricone-bits-300x300.jpg 300w, https:\/\/bludrill.com\/wp-content\/uploads\/2024\/09\/Factory-finished-tci-tricone-bits-150x150.jpg 150w\" sizes=\"(max-width: 550px) 100vw, 550px\" \/>\t\t\t\t\t\t\t\t\t\t\t\t\t\t\t<\/div>\n\t\t\t\t<\/div>\n\t\t\t\t\t<\/div>\n\t\t\t\t<\/div>\n\t\t\t\t\t<\/div>\n\t\t<\/div>\n\t\t\t\t\t<\/div>\n\t\t<\/section>\n\t\t\t\t<\/div>\n\t\t","protected":false},"excerpt":{"rendered":"<p>Who We Are? Our BLUDRILL BLUDRILL is a manufacturer of piling roller bits, HDD hole openers and tricone bits established in 2010. Products are widely used in pile foundation engineering, HDD (horizontal directional drilling) and rock drilling and other fields. With unremitting efforts, our piling roller bit factory has gained the trust of domestic and [&hellip;]<\/p>\n","protected":false},"author":1,"featured_media":0,"parent":0,"menu_order":0,"comment_status":"closed","ping_status":"closed","template":"","meta":{"site-sidebar-layout":"no-sidebar","site-content-layout":"page-builder","ast-site-content-layout":"full-width-container","site-content-style":"unboxed","site-sidebar-style":"unboxed","ast-global-header-display":"","ast-banner-title-visibility":"","ast-main-header-display":"","ast-hfb-above-header-display":"","ast-hfb-below-header-display":"","ast-hfb-mobile-header-display":"","site-post-title":"disabled","ast-breadcrumbs-content":"","ast-featured-img":"disabled","footer-sml-layout":"","theme-transparent-header-meta":"enabled","adv-header-id-meta":"","stick-header-meta":"","header-above-stick-meta":"","header-main-stick-meta":"","header-below-stick-meta":"","astra-migrate-meta-layouts":"default","ast-page-background-enabled":"default","ast-page-background-meta":{"desktop":{"background-color":"","background-image":"","background-repeat":"repeat","background-position":"center center","background-size":"auto","background-attachment":"scroll","background-type":"","background-media":"","overlay-type":"","overlay-color":"","overlay-opacity":"","overlay-gradient":""},"tablet":{"background-color":"","background-image":"","background-repeat":"repeat","background-position":"center center","background-size":"auto","background-attachment":"scroll","background-type":"","background-media":"","overlay-type":"","overlay-color":"","overlay-opacity":"","overlay-gradient":""},"mobile":{"background-color":"","background-image":"","background-repeat":"repeat","background-position":"center center","background-size":"auto","background-attachment":"scroll","background-type":"","background-media":"","overlay-type":"","overlay-color":"","overlay-opacity":"","overlay-gradient":""}},"ast-content-background-meta":{"desktop":{"background-color":"var(--ast-global-color-5)","background-image":"","background-repeat":"repeat","background-position":"center center","background-size":"auto","background-attachment":"scroll","background-type":"","background-media":"","overlay-type":"","overlay-color":"","overlay-opacity":"","overlay-gradient":""},"tablet":{"background-color":"var(--ast-global-color-5)","background-image":"","background-repeat":"repeat","background-position":"center center","background-size":"auto","background-attachment":"scroll","background-type":"","background-media":"","overlay-type":"","overlay-color":"","overlay-opacity":"","overlay-gradient":""},"mobile":{"background-color":"var(--ast-global-color-5)","background-image":"","background-repeat":"repeat","background-position":"center center","background-size":"auto","background-attachment":"scroll","background-type":"","background-media":"","overlay-type":"","overlay-color":"","overlay-opacity":"","overlay-gradient":""}},"footnotes":""},"class_list":["post-3131","page","type-page","status-publish","hentry"],"_links":{"self":[{"href":"https:\/\/bludrill.com\/es\/wp-json\/wp\/v2\/pages\/3131","targetHints":{"allow":["GET"]}}],"collection":[{"href":"https:\/\/bludrill.com\/es\/wp-json\/wp\/v2\/pages"}],"about":[{"href":"https:\/\/bludrill.com\/es\/wp-json\/wp\/v2\/types\/page"}],"author":[{"embeddable":true,"href":"https:\/\/bludrill.com\/es\/wp-json\/wp\/v2\/users\/1"}],"replies":[{"embeddable":true,"href":"https:\/\/bludrill.com\/es\/wp-json\/wp\/v2\/comments?post=3131"}],"version-history":[{"count":2,"href":"https:\/\/bludrill.com\/es\/wp-json\/wp\/v2\/pages\/3131\/revisions"}],"predecessor-version":[{"id":3134,"href":"https:\/\/bludrill.com\/es\/wp-json\/wp\/v2\/pages\/3131\/revisions\/3134"}],"wp:attachment":[{"href":"https:\/\/bludrill.com\/es\/wp-json\/wp\/v2\/media?parent=3131"}],"curies":[{"name":"wp","href":"https:\/\/api.w.org\/{rel}","templated":true}]}}